{"id":493,"date":"2020-04-01T05:07:50","date_gmt":"2020-04-01T05:07:50","guid":{"rendered":"http:\/\/fotoplus.com\/duas\/?page_id=493"},"modified":"2023-02-16T09:16:31","modified_gmt":"2023-02-16T09:16:31","slug":"annateresa-fabris-1947","status":"publish","type":"page","link":"https:\/\/fotoplus.com\/duas\/?page_id=493","title":{"rendered":"Annateresa Fabris (1947)"},"content":{"rendered":"\n<p><strong>Annateresa Fabris <\/strong>(It\u00e1lia, 25 de mar\u00e7o de 1947), pesquisadora e docente em artes visuais radicada em S\u00e3o Paulo desde os anos 1960. Docente da Universidade de S\u00e3o Paulo, na Escola de Artes e Comunica\u00e7\u00e3o da USP. A partir da d\u00e9cada de 1980 teve papel fundamental na forma\u00e7\u00e3o de pesquisadores em fotografia, com colabora\u00e7\u00f5es relevantes nas d\u00e9cadas de 1980 a 2010. \u00c9 irm\u00e3 da docente e pesquisadora em cinema e literatura italiana <strong>Mariarosaria Fabris<\/strong>.<\/p>\n\n\n\n<p><\/p>\n\n\n\n<p><strong>Bibliografia selecionada: artes visuais<\/strong><\/p>\n\n\n\n<ul class=\"wp-block-list\">\n<li>FABRIS, A. <em>O Futurismo Paulista<\/em>. S\u00e3o Paulo: Perspectiva, 1994. 296p.<\/li>\n\n\n\n<li>FABRIS, A. <em>Ecletismo na arquitetura brasileira<\/em>. S\u00e3o Paulo: Nobel-EDUSP, 1987. <\/li>\n<\/ul>\n\n\n\n<p><\/p>\n\n\n\n<p> <strong>Bibliografia selecionada: fotografia<\/strong><\/p>\n\n\n\n<ul class=\"wp-block-list\">\n<li> FABRIS, A. (org). <em>Fotografia: usos e fun\u00e7\u00f5es no s\u00e9culo XIX<\/em>. 1\u00aa ed. S\u00e3o Paulo: EDUSP, 1991. (antologia com textos de Annateresa Fabris, Helouise Costa, Margot Pavan, Maria Cristina Wolff de Carvalho, Ricardo Mendes, Silvia Ferreira Santos Wolff, Solange Ferraz de Lima e V\u00e2nia Carneiro de Carvalho).<\/li>\n<\/ul>\n\n\n\n<hr class=\"wp-block-separator has-alpha-channel-opacity is-style-wide\"\/>\n\n\n\n<p><strong>Refer\u00eancias<\/strong>: portais<\/p>\n\n\n\n<ul class=\"wp-block-list\">\n<li><em> Enciclop\u00e9dia Ita\u00fa Cultural<\/em>: verbete Annateresa Fabris (consulta em: 01 de abril de 2020). <em> <\/em><\/li>\n\n\n\n<li><em>Plataforma Lattes-CNPq<\/em> (consulta em: 31 de mar\u00e7o de 2020)<br><a href=\"http:\/\/buscatextual.cnpq.br\/buscatextual\/visualizacv.do?metodo=apresentar&amp;id=K4783974E7\" target=\"_blank\" rel=\"noreferrer noopener\">http:\/\/buscatextual.cnpq.br\/buscatextual\/visualizacv.do?metodo=apresentar&amp;id=K4783974E7<\/a><\/li>\n<\/ul>\n\n\n\n<hr class=\"wp-block-separator has-alpha-channel-opacity is-style-wide\"\/>\n\n\n\n<p><strong>Refer\u00eancias<\/strong>: entrevistas<\/p>\n\n\n\n<p>MAUAD, Ana Maria.\u00a0\u00a0Entrevista realizada com Annateresa Fabris para o dossi\u00ea &#8216;Fotografia, cultura visual e hist\u00f3ria: perspectivas te\u00f3ricas e metodol\u00f3gicas&#8217; (desembro 2017).\u00a0\u00a0<strong><em>ESTUDOS IBERO-AMERICANOS<\/em><\/strong>,\u00a0Porto Alegre, \u00a0PUC-RS, \u00a044\u00a0(1):\u00a0162-165, \u00a02018.\u00a0<br>http:\/\/<a rel=\"noreferrer noopener\" href=\"http:\/\/doi.org\/10.15448\/1980-864X.2018.1.30087\" target=\"_blank\">doi.org\/10.15448\/1980-864X.2018.1.30087<\/a><br><\/p>\n","protected":false},"excerpt":{"rendered":"<p>Annateresa Fabris (It\u00e1lia, 25 de mar\u00e7o de 1947), pesquisadora e docente em artes visuais radicada em S\u00e3o Paulo desde os anos 1960. Docente da Universidade de S\u00e3o Paulo, na Escola de Artes e Comunica\u00e7\u00e3o da USP. A partir da d\u00e9cada de 1980 teve papel fundamental na forma\u00e7\u00e3o de pesquisadores em fotografia, com colabora\u00e7\u00f5es relevantes nas &hellip; <a href=\"https:\/\/fotoplus.com\/duas\/?page_id=493\" class=\"more-link\">Continue lendo<span class=\"screen-reader-text\"> &#8220;Annateresa Fabris (1947)&#8221;<\/span><\/a><\/p>\n","protected":false},"author":1,"featured_media":0,"parent":40,"menu_order":0,"comment_status":"closed","ping_status":"closed","template":"","meta":{"footnotes":""},"class_list":["post-493","page","type-page","status-publish","hentry"],"_links":{"self":[{"href":"https:\/\/fotoplus.com\/duas\/index.php?rest_route=\/wp\/v2\/pages\/493","targetHints":{"allow":["GET"]}}],"collection":[{"href":"https:\/\/fotoplus.com\/duas\/index.php?rest_route=\/wp\/v2\/pages"}],"about":[{"href":"https:\/\/fotoplus.com\/duas\/index.php?rest_route=\/wp\/v2\/types\/page"}],"author":[{"embeddable":true,"href":"https:\/\/fotoplus.com\/duas\/index.php?rest_route=\/wp\/v2\/users\/1"}],"replies":[{"embeddable":true,"href":"https:\/\/fotoplus.com\/duas\/index.php?rest_route=%2Fwp%2Fv2%2Fcomments&post=493"}],"version-history":[{"count":8,"href":"https:\/\/fotoplus.com\/duas\/index.php?rest_route=\/wp\/v2\/pages\/493\/revisions"}],"predecessor-version":[{"id":1212,"href":"https:\/\/fotoplus.com\/duas\/index.php?rest_route=\/wp\/v2\/pages\/493\/revisions\/1212"}],"up":[{"embeddable":true,"href":"https:\/\/fotoplus.com\/duas\/index.php?rest_route=\/wp\/v2\/pages\/40"}],"wp:attachment":[{"href":"https:\/\/fotoplus.com\/duas\/index.php?rest_route=%2Fwp%2Fv2%2Fmedia&parent=493"}],"curies":[{"name":"wp","href":"https:\/\/api.w.org\/{rel}","templated":true}]}}