{"id":200,"date":"2019-01-01T04:44:43","date_gmt":"2019-01-01T04:44:43","guid":{"rendered":"http:\/\/fotoplus.com\/duas\/?page_id=200"},"modified":"2019-01-01T05:13:29","modified_gmt":"2019-01-01T05:13:29","slug":"ando-gilardi-1921-2012","status":"publish","type":"page","link":"https:\/\/fotoplus.com\/duas\/?page_id=200","title":{"rendered":"Ando Gilardi (1921-2012)"},"content":{"rendered":"<p>Fot\u00f3grafo e historiador italiano, nascido em 1921. Escritor prol\u00edfico, em tom pol\u00eamico, praticamente ignorado no Brasil.\u00a0Cofundador do grupo\u00a0\u00a0Foto\/gram.<\/p>\n<p>&nbsp;<\/p>\n<p><strong>Perfis<\/strong><\/p>\n<ul>\n<li><strong>Wikipedia Italia<\/strong><br \/>\n<a href=\"https:\/\/it.wikipedia.org\/wiki\/Ando_Gilardi\" target=\"_blank\" rel=\"noopener\">https:\/\/it.wikipedia.org\/wiki\/Ando_Gilardi<\/a> \u00a0\u00a0 (RM\/2018.01.01)<\/li>\n<\/ul>\n<p>&nbsp;<\/p>\n<p><strong>Obras em destaque<\/strong><\/p>\n<ul>\n<li style=\"list-style-type: none;\">\n<ul>\n<li><em>Storia sociale della fotografia<\/em> (1976, 1981) Milano: Feltrinelli, 1976, 1981<br \/>\nAcervo: MP-USP (1981)<\/li>\n<\/ul>\n<\/li>\n<\/ul>\n<p>&nbsp;<\/p>\n","protected":false},"excerpt":{"rendered":"<p>Fot\u00f3grafo e historiador italiano, nascido em 1921. Escritor prol\u00edfico, em tom pol\u00eamico, praticamente ignorado no Brasil.\u00a0Cofundador do grupo\u00a0\u00a0Foto\/gram. &nbsp; Perfis Wikipedia Italia https:\/\/it.wikipedia.org\/wiki\/Ando_Gilardi \u00a0\u00a0 (RM\/2018.01.01) &nbsp; Obras em destaque Storia sociale della fotografia (1976, 1981) Milano: Feltrinelli, 1976, 1981 Acervo: MP-USP (1981) &nbsp;<\/p>\n","protected":false},"author":1,"featured_media":0,"parent":40,"menu_order":0,"comment_status":"closed","ping_status":"closed","template":"","meta":{"footnotes":""},"class_list":["post-200","page","type-page","status-publish","hentry"],"_links":{"self":[{"href":"https:\/\/fotoplus.com\/duas\/index.php?rest_route=\/wp\/v2\/pages\/200","targetHints":{"allow":["GET"]}}],"collection":[{"href":"https:\/\/fotoplus.com\/duas\/index.php?rest_route=\/wp\/v2\/pages"}],"about":[{"href":"https:\/\/fotoplus.com\/duas\/index.php?rest_route=\/wp\/v2\/types\/page"}],"author":[{"embeddable":true,"href":"https:\/\/fotoplus.com\/duas\/index.php?rest_route=\/wp\/v2\/users\/1"}],"replies":[{"embeddable":true,"href":"https:\/\/fotoplus.com\/duas\/index.php?rest_route=%2Fwp%2Fv2%2Fcomments&post=200"}],"version-history":[{"count":3,"href":"https:\/\/fotoplus.com\/duas\/index.php?rest_route=\/wp\/v2\/pages\/200\/revisions"}],"predecessor-version":[{"id":208,"href":"https:\/\/fotoplus.com\/duas\/index.php?rest_route=\/wp\/v2\/pages\/200\/revisions\/208"}],"up":[{"embeddable":true,"href":"https:\/\/fotoplus.com\/duas\/index.php?rest_route=\/wp\/v2\/pages\/40"}],"wp:attachment":[{"href":"https:\/\/fotoplus.com\/duas\/index.php?rest_route=%2Fwp%2Fv2%2Fmedia&parent=200"}],"curies":[{"name":"wp","href":"https:\/\/api.w.org\/{rel}","templated":true}]}}