{"id":279,"date":"2023-06-29T08:31:33","date_gmt":"2023-06-29T11:31:33","guid":{"rendered":"http:\/\/www.fotoplus.com\/catalog\/?page_id=279"},"modified":"2023-06-29T10:58:53","modified_gmt":"2023-06-29T13:58:53","slug":"gestao-e-publicacao-bibliografia-e-referencias","status":"publish","type":"page","link":"https:\/\/fotoplus.com\/catalog\/?page_id=279","title":{"rendered":"Gest\u00e3o e publica\u00e7\u00e3o: bibliografia e refer\u00eancias"},"content":{"rendered":"\n<p><strong>Banco de imagens<\/strong><\/p>\n\n\n\n<p class=\"has-small-font-size\">MAC\u00caDO, Diego Jos\u00e9 (org.), SHINTAKU, Milton (org.)  <em><strong>Imago: reflex\u00f5es para proposi\u00e7\u00e3o de banco de imagens<\/strong><\/em>. Bras\u00edlia: IBICT, 2023. 190p.  <br>#bancodeimagens, #tainacan, #omeka, #piwigo<br>textos de Ana Cristina de Albuquerque, Anna Carla Almeida Mariz, Dalton Lopes Martins, Danielle do Carmo, Diego Jos\u00e9 Mac\u00eado, Gustavo Cardoso, \u00cdtalo Barbosa Brasileiro, Maison Roberto Mendon\u00e7a Gon\u00e7alves, Mateus Machado Luna, Milton Shintaku, Renata Cardozo Padilha, Ricardo Crisafulli Rodrigues, Roberta Pinto Medeiros e Rosilene Paiva Marinho de Sousa<br><strong>download<\/strong>: <a rel=\"noreferrer noopener\" href=\"http:\/\/labcotec.ibict.br\/omp\/index.php\/edcotec\/catalog\/book\/243\" target=\"_blank\">http:\/\/labcotec.ibict.br\/omp\/index.php\/edcotec\/catalog\/book\/243<\/a> (dispon\u00edvel em: 2023.06.26)<br><\/p>\n\n\n\n<p><\/p>\n","protected":false},"excerpt":{"rendered":"<p>Banco de imagens MAC\u00caDO, Diego Jos\u00e9 (org.), SHINTAKU, Milton (org.) Imago: reflex\u00f5es para proposi\u00e7\u00e3o de banco de imagens. Bras\u00edlia: IBICT, 2023. 190p. #bancodeimagens, #tainacan, #omeka, #piwigotextos de Ana Cristina de Albuquerque, Anna Carla Almeida Mariz, Dalton Lopes Martins, Danielle do Carmo, Diego Jos\u00e9 Mac\u00eado, Gustavo Cardoso, \u00cdtalo Barbosa Brasileiro, Maison Roberto Mendon\u00e7a Gon\u00e7alves, Mateus Machado &hellip; <a href=\"https:\/\/fotoplus.com\/catalog\/?page_id=279\" class=\"more-link\">Continue lendo<span class=\"screen-reader-text\"> &#8220;Gest\u00e3o e publica\u00e7\u00e3o: bibliografia e refer\u00eancias&#8221;<\/span><\/a><\/p>\n","protected":false},"author":2,"featured_media":0,"parent":0,"menu_order":0,"comment_status":"closed","ping_status":"closed","template":"","meta":{"footnotes":""},"class_list":["post-279","page","type-page","status-publish","hentry"],"_links":{"self":[{"href":"https:\/\/fotoplus.com\/catalog\/index.php?rest_route=\/wp\/v2\/pages\/279","targetHints":{"allow":["GET"]}}],"collection":[{"href":"https:\/\/fotoplus.com\/catalog\/index.php?rest_route=\/wp\/v2\/pages"}],"about":[{"href":"https:\/\/fotoplus.com\/catalog\/index.php?rest_route=\/wp\/v2\/types\/page"}],"author":[{"embeddable":true,"href":"https:\/\/fotoplus.com\/catalog\/index.php?rest_route=\/wp\/v2\/users\/2"}],"replies":[{"embeddable":true,"href":"https:\/\/fotoplus.com\/catalog\/index.php?rest_route=%2Fwp%2Fv2%2Fcomments&post=279"}],"version-history":[{"count":7,"href":"https:\/\/fotoplus.com\/catalog\/index.php?rest_route=\/wp\/v2\/pages\/279\/revisions"}],"predecessor-version":[{"id":292,"href":"https:\/\/fotoplus.com\/catalog\/index.php?rest_route=\/wp\/v2\/pages\/279\/revisions\/292"}],"wp:attachment":[{"href":"https:\/\/fotoplus.com\/catalog\/index.php?rest_route=%2Fwp%2Fv2%2Fmedia&parent=279"}],"curies":[{"name":"wp","href":"https:\/\/api.w.org\/{rel}","templated":true}]}}