{"id":18,"date":"2010-11-12T20:25:03","date_gmt":"2010-11-12T20:25:03","guid":{"rendered":"http:\/\/fotoplus.com\/catalog\/?page_id=18"},"modified":"2010-11-12T20:25:03","modified_gmt":"2010-11-12T20:25:03","slug":"catalog-referencias-e-ferramentas-para-acervos","status":"publish","type":"page","link":"https:\/\/fotoplus.com\/catalog\/?page_id=18","title":{"rendered":"Catalog: refer\u00eancias e ferramentas para acervos"},"content":{"rendered":"<p><strong>FotoPlus Catalog<\/strong> procura atender necessidades cotidianas relativas \u00e0 organiza\u00e7\u00e3o e conserva\u00e7\u00e3o de acervos fotogr\u00e1ficos reunindo refer\u00eancias e ferramentas dispon\u00edveis na internet.<br \/>\nDestina-se a profissionais, colecionadores, pesquisadores e interessados em geral.<\/p>\n","protected":false},"excerpt":{"rendered":"<p>FotoPlus Catalog procura atender necessidades cotidianas relativas \u00e0 organiza\u00e7\u00e3o e conserva\u00e7\u00e3o de acervos fotogr\u00e1ficos reunindo refer\u00eancias e ferramentas dispon\u00edveis na internet. Destina-se a profissionais, colecionadores, pesquisadores e interessados em geral.<\/p>\n","protected":false},"author":1,"featured_media":0,"parent":0,"menu_order":0,"comment_status":"closed","ping_status":"closed","template":"","meta":{"footnotes":""},"class_list":["post-18","page","type-page","status-publish","hentry"],"_links":{"self":[{"href":"https:\/\/fotoplus.com\/catalog\/index.php?rest_route=\/wp\/v2\/pages\/18","targetHints":{"allow":["GET"]}}],"collection":[{"href":"https:\/\/fotoplus.com\/catalog\/index.php?rest_route=\/wp\/v2\/pages"}],"about":[{"href":"https:\/\/fotoplus.com\/catalog\/index.php?rest_route=\/wp\/v2\/types\/page"}],"author":[{"embeddable":true,"href":"https:\/\/fotoplus.com\/catalog\/index.php?rest_route=\/wp\/v2\/users\/1"}],"replies":[{"embeddable":true,"href":"https:\/\/fotoplus.com\/catalog\/index.php?rest_route=%2Fwp%2Fv2%2Fcomments&post=18"}],"version-history":[{"count":0,"href":"https:\/\/fotoplus.com\/catalog\/index.php?rest_route=\/wp\/v2\/pages\/18\/revisions"}],"wp:attachment":[{"href":"https:\/\/fotoplus.com\/catalog\/index.php?rest_route=%2Fwp%2Fv2%2Fmedia&parent=18"}],"curies":[{"name":"wp","href":"https:\/\/api.w.org\/{rel}","templated":true}]}}