{"id":8,"date":"2010-02-25T12:14:00","date_gmt":"2010-02-25T12:14:00","guid":{"rendered":"http:\/\/fotoplus.com\/acesso\/?page_id=2"},"modified":"2010-02-25T12:14:00","modified_gmt":"2010-02-25T12:14:00","slug":"about","status":"publish","type":"page","link":"https:\/\/fotoplus.com\/acesso\/?page_id=8","title":{"rendered":"* FotoPlus Acesso"},"content":{"rendered":"<p>&nbsp;<\/p>\n<p>Acesso Fotoplus visa constituir um repert\u00f3rio de links para bases de dados e bibliotecas virtuais de acesso direto.<\/p>\n<p>O portal procura atender necessidades de pesquisadores em diversos campos de hist\u00f3ria, em especial fotografia, \u00a0artes visuais etc.<\/p>\n<p>Em geral todos os servi\u00e7os s\u00e3o gratuitos, de acesso direto a reprodu\u00e7\u00f5es digitais de documentos.<\/p>\n<p>A c\u00f3pia ou &#8216;download&#8217; dos documentos obedecem a crit\u00e9rios de cada projeto, bem como quest\u00f5es de direitos autorais.<\/p>\n","protected":false},"excerpt":{"rendered":"<p>&nbsp; Acesso Fotoplus visa constituir um repert\u00f3rio de links para bases de dados e bibliotecas virtuais de acesso direto. O portal procura atender necessidades de pesquisadores em diversos campos de hist\u00f3ria, em especial fotografia, \u00a0artes visuais etc. Em geral todos os servi\u00e7os s\u00e3o gratuitos, de acesso direto a reprodu\u00e7\u00f5es digitais de documentos. A c\u00f3pia ou &hellip; <a href=\"https:\/\/fotoplus.com\/acesso\/?page_id=8\" class=\"more-link\">Continue lendo<span class=\"screen-reader-text\"> &#8220;* FotoPlus Acesso&#8221;<\/span><\/a><\/p>\n","protected":false},"author":1,"featured_media":0,"parent":0,"menu_order":0,"comment_status":"closed","ping_status":"closed","template":"","meta":{"footnotes":""},"class_list":["post-8","page","type-page","status-publish","hentry"],"_links":{"self":[{"href":"https:\/\/fotoplus.com\/acesso\/index.php?rest_route=\/wp\/v2\/pages\/8","targetHints":{"allow":["GET"]}}],"collection":[{"href":"https:\/\/fotoplus.com\/acesso\/index.php?rest_route=\/wp\/v2\/pages"}],"about":[{"href":"https:\/\/fotoplus.com\/acesso\/index.php?rest_route=\/wp\/v2\/types\/page"}],"author":[{"embeddable":true,"href":"https:\/\/fotoplus.com\/acesso\/index.php?rest_route=\/wp\/v2\/users\/1"}],"replies":[{"embeddable":true,"href":"https:\/\/fotoplus.com\/acesso\/index.php?rest_route=%2Fwp%2Fv2%2Fcomments&post=8"}],"version-history":[{"count":0,"href":"https:\/\/fotoplus.com\/acesso\/index.php?rest_route=\/wp\/v2\/pages\/8\/revisions"}],"wp:attachment":[{"href":"https:\/\/fotoplus.com\/acesso\/index.php?rest_route=%2Fwp%2Fv2%2Fmedia&parent=8"}],"curies":[{"name":"wp","href":"https:\/\/api.w.org\/{rel}","templated":true}]}}