{"id":237,"date":"2010-10-27T17:51:34","date_gmt":"2010-10-27T17:51:34","guid":{"rendered":"http:\/\/fotoplus.com\/acesso\/?page_id=237"},"modified":"2010-10-27T17:51:34","modified_gmt":"2010-10-27T17:51:34","slug":"artes-graficas","status":"publish","type":"page","link":"https:\/\/fotoplus.com\/acesso\/?page_id=237","title":{"rendered":"Artes gr\u00e1ficas"},"content":{"rendered":"<p>O segmento apresenta poucas refer\u00eancias, quase sempre mal divulgadas. Aqui os projetos dispon\u00edveis s\u00e3o apresentados em ordem alfab\u00e9tica provisoriamente.<\/p>\n<p><a title=\"Cartazes - Cinema\" href=\"http:\/\/fotoplus.com\/acesso\/?p=233\" target=\"_self\">Cartazes &#8211; Cinema<\/a><\/p>\n<p><a title=\"Propagandas de Carros\" href=\"http:\/\/fotoplus.com\/acesso\/?p=610\">Publicidade &#8211; Autom\u00f3veis<\/a><\/p>\n","protected":false},"excerpt":{"rendered":"<p>O segmento apresenta poucas refer\u00eancias, quase sempre mal divulgadas. Aqui os projetos dispon\u00edveis s\u00e3o apresentados em ordem alfab\u00e9tica provisoriamente. Cartazes &#8211; Cinema Publicidade &#8211; Autom\u00f3veis<\/p>\n","protected":false},"author":1,"featured_media":0,"parent":0,"menu_order":0,"comment_status":"closed","ping_status":"closed","template":"","meta":{"footnotes":""},"class_list":["post-237","page","type-page","status-publish","hentry"],"_links":{"self":[{"href":"https:\/\/fotoplus.com\/acesso\/index.php?rest_route=\/wp\/v2\/pages\/237","targetHints":{"allow":["GET"]}}],"collection":[{"href":"https:\/\/fotoplus.com\/acesso\/index.php?rest_route=\/wp\/v2\/pages"}],"about":[{"href":"https:\/\/fotoplus.com\/acesso\/index.php?rest_route=\/wp\/v2\/types\/page"}],"author":[{"embeddable":true,"href":"https:\/\/fotoplus.com\/acesso\/index.php?rest_route=\/wp\/v2\/users\/1"}],"replies":[{"embeddable":true,"href":"https:\/\/fotoplus.com\/acesso\/index.php?rest_route=%2Fwp%2Fv2%2Fcomments&post=237"}],"version-history":[{"count":0,"href":"https:\/\/fotoplus.com\/acesso\/index.php?rest_route=\/wp\/v2\/pages\/237\/revisions"}],"wp:attachment":[{"href":"https:\/\/fotoplus.com\/acesso\/index.php?rest_route=%2Fwp%2Fv2%2Fmedia&parent=237"}],"curies":[{"name":"wp","href":"https:\/\/api.w.org\/{rel}","templated":true}]}}