{"id":211,"date":"2010-10-15T14:14:34","date_gmt":"2010-10-15T14:14:34","guid":{"rendered":"http:\/\/fotoplus.com\/acesso\/?page_id=211"},"modified":"2021-09-07T08:33:11","modified_gmt":"2021-09-07T11:33:11","slug":"fotografia","status":"publish","type":"page","link":"https:\/\/fotoplus.com\/acesso\/?page_id=211","title":{"rendered":"Fotografia"},"content":{"rendered":"<p>Desde 2003 institui\u00e7\u00f5es brasileiras t\u00eam disponibilizado acesso online a seus acervos. A decis\u00e3o foi um marco hist\u00f3rico ao permitir a consulta a conjuntos de dif\u00edcil acesso, muitas vezes em prec\u00e1rias condi\u00e7\u00f5es. A qualidade das interfaces \u00e9 muito vari\u00e1vel, com restritas possibilidades de busca.<\/p>\n<p><strong>Portais Institucionais<br \/>\n<\/strong>(veja tamb\u00e9m <a href=\"http:\/\/www.fotoplus.com\/acesso\/?p=965\">Repert\u00f3rios digitais acad\u00eamicos<\/a>)<strong><br \/>\n<\/strong><\/p>\n<p><a title=\"AESP - Guilherme Gaensly\" href=\"http:\/\/fotoplus.com\/acesso\/?p=219\" target=\"_self\" rel=\"noopener noreferrer\">Arquivo do Estado de S\u00e3o Paulo &#8211; Portfolio Guilherme Gaensly<\/a><\/p>\n<p><a title=\"Acervo Fotogr\u00e1fico - AHSP\" href=\"http:\/\/www.fotoplus.com\/acesso\/?p=374\">Arquivo Municipal de S\u00e3o Paulo &#8211; Acervo Fotogr\u00e1fico<\/a><\/p>\n<p><a href=\"http:\/\/fotoplus.com\/acesso\/?p=868\">Arquivo P\u00fablico Mineiro<\/a> (MG)<\/p>\n<p><a href=\"http:\/\/www.fotoplus.com\/acesso\/?p=887\">Arquivo Vil\u00e9m Flusser S\u00e3o Paulo<\/a><\/p>\n<p><a title=\"Cifonauta: banco de imagens de biologia marinha\" href=\"http:\/\/fotoplus.com\/acesso\/?p=362\" target=\"_self\" rel=\"noopener noreferrer\">Cifonautas: banco de imagens de biologia marinha (USP)<\/a><\/p>\n<p><a title=\"ECP-Centro Pr\u00f3-Mem\u00f3ria Hans Nobiling\" href=\"http:\/\/www.fotoplus.com\/acesso\/?p=435\">ECP-Centro de Mem\u00f3ria Hans Nobiling<\/a><\/p>\n<p><a href=\"http:\/\/www.fotoplus.com\/acesso\/?p=816\">Funda\u00e7\u00e3o Joaquim Nabuco<\/a> (PE)<\/p>\n<p><a title=\"IMS - Instituto Moreira Salles - Fotografia\" href=\"http:\/\/fotoplus.com\/acesso\/?p=160\" target=\"_self\" rel=\"noopener noreferrer\">IMS &#8211; Instituto Moreira Salles<\/a><\/p>\n<p><a title=\"Instituto Hercule Florence\" href=\"http:\/\/fotoplus.com\/acesso\/?p=600\">IHF &#8211; Instituto Hercule Florence<\/a><\/p>\n<p><a href=\"http:\/\/www.fotoplus.com\/acesso\/?p=880\">Memorial da Imigra\u00e7\u00e3o Judaica<\/a> (SP)<\/p>\n<p><a title=\"Mem\u00f3ria da Imigra\u00e7\u00e3o\" href=\"http:\/\/www.fotoplus.com\/acesso\/?p=378 \">Museu da Imigra\u00e7\u00e3o do Estado de S\u00e3o Paulo &#8211; Mem\u00f3ria da Imigra\u00e7\u00e3o<\/a><\/p>\n<p><a title=\"Museu do \u00cdndio (RJ)\" href=\"http:\/\/fotoplus.com\/acesso\/?p=534\">Museu do \u00cdndio &#8211; FUNAI<\/a> (RJ)<\/p>\n<p><a href=\"http:\/\/www.fotoplus.com\/acesso\/?p=848\">Museu Paulista-USP <\/a>(SP)<\/p>\n<p><a href=\"http:\/\/www.fotoplus.com\/acesso\/?p=1228\">Patrim\u00f4nio Fotogr\u00e1fico Nova Ven\u00e9cia<\/a> (ES)<\/p>\n<p><a title=\"Funarte - Projeto Brasil Mem\u00f3ria das Artes\" href=\"http:\/\/fotoplus.com\/acesso\/?p=802\">Portal Dom\u00ednio P\u00fablico<\/a><\/p>\n<p><a title=\"Funarte - Projeto Brasil Mem\u00f3ria das Artes\" href=\"http:\/\/fotoplus.com\/acesso\/?p=263\" target=\"_self\" rel=\"noopener noreferrer\">Projeto Brasil Mem\u00f3rias das Artes &#8211; FUNARTE<\/a> (veja o conjunto FOTO CARLOS)<\/p>\n<p><a title=\"Tesouros da Cidade (SP) - Fotografia\" href=\"http:\/\/fotoplus.com\/acesso\/?p=203\" target=\"_self\" rel=\"noopener noreferrer\">Tesouros da Cidade \u00a0&#8211; Biblioteca M\u00e1rio de Andrade<\/a>\u00a0(SP)<\/p>\n<p><strong>Portais colaborativos<\/strong><\/p>\n<p><a title=\"Acervos da Cidade de S\u00e3o Paulo\" href=\"http:\/\/fotoplus.com\/acesso\/?p=451\">Acervos da Cidade<\/a> (SP)<\/p>\n<p><a title=\"Brasiliana Fotogr\u00e1fica\" href=\"http:\/\/fotoplus.com\/acesso\/?p=549\">Brasiliana Fotogr\u00e1fica<\/a> (BN, IMS)<\/p>\n<p><strong>Outras entidades<\/strong><\/p>\n<p><a href=\"http:\/\/www.fotoplus.com\/acesso\/?p=765\">FCCB &#8211; Foto Cine Clube Bandeirante (SP)\u00a0 &#8211; portal de revistas<\/a><\/p>\n","protected":false},"excerpt":{"rendered":"<p>Desde 2003 institui\u00e7\u00f5es brasileiras t\u00eam disponibilizado acesso online a seus acervos. A decis\u00e3o foi um marco hist\u00f3rico ao permitir a consulta a conjuntos de dif\u00edcil acesso, muitas vezes em prec\u00e1rias condi\u00e7\u00f5es. A qualidade das interfaces \u00e9 muito vari\u00e1vel, com restritas possibilidades de busca. Portais Institucionais (veja tamb\u00e9m Repert\u00f3rios digitais acad\u00eamicos) Arquivo do Estado de S\u00e3o &hellip; <a href=\"https:\/\/fotoplus.com\/acesso\/?page_id=211\" class=\"more-link\">Continue lendo<span class=\"screen-reader-text\"> &#8220;Fotografia&#8221;<\/span><\/a><\/p>\n","protected":false},"author":1,"featured_media":0,"parent":0,"menu_order":0,"comment_status":"closed","ping_status":"closed","template":"","meta":{"footnotes":""},"class_list":["post-211","page","type-page","status-publish","hentry"],"_links":{"self":[{"href":"https:\/\/fotoplus.com\/acesso\/index.php?rest_route=\/wp\/v2\/pages\/211","targetHints":{"allow":["GET"]}}],"collection":[{"href":"https:\/\/fotoplus.com\/acesso\/index.php?rest_route=\/wp\/v2\/pages"}],"about":[{"href":"https:\/\/fotoplus.com\/acesso\/index.php?rest_route=\/wp\/v2\/types\/page"}],"author":[{"embeddable":true,"href":"https:\/\/fotoplus.com\/acesso\/index.php?rest_route=\/wp\/v2\/users\/1"}],"replies":[{"embeddable":true,"href":"https:\/\/fotoplus.com\/acesso\/index.php?rest_route=%2Fwp%2Fv2%2Fcomments&post=211"}],"version-history":[{"count":11,"href":"https:\/\/fotoplus.com\/acesso\/index.php?rest_route=\/wp\/v2\/pages\/211\/revisions"}],"predecessor-version":[{"id":1231,"href":"https:\/\/fotoplus.com\/acesso\/index.php?rest_route=\/wp\/v2\/pages\/211\/revisions\/1231"}],"wp:attachment":[{"href":"https:\/\/fotoplus.com\/acesso\/index.php?rest_route=%2Fwp%2Fv2%2Fmedia&parent=211"}],"curies":[{"name":"wp","href":"https:\/\/api.w.org\/{rel}","templated":true}]}}