{"id":146,"date":"2010-10-04T18:50:10","date_gmt":"2010-10-04T18:50:10","guid":{"rendered":"http:\/\/fotoplus.com\/acesso\/?page_id=146"},"modified":"2021-01-11T11:56:23","modified_gmt":"2021-01-11T14:56:23","slug":"bases-de-dados","status":"publish","type":"page","link":"https:\/\/fotoplus.com\/acesso\/?page_id=146","title":{"rendered":"* Bases de dados"},"content":{"rendered":"<p><strong>Acesso Fotoplus<\/strong> relaciona excepcionalmente aqui apenas bases de dados de car\u00e1ter referencial em diversas \u00e1reas, que n\u00e3o permitem acesso direto a acervos, com exce\u00e7\u00e3o de Reposit\u00f3rios digitais acad\u00eamicos.<\/p>\n<p>Veja tamb\u00e9m<br \/>\n<a href=\"http:\/\/www.fotoplus.com\/acesso\/?p=991\">Bibliotecas acad\u00eamicas &#8211; Brasil<\/a><br \/>\nBilbiotecas acad\u00eamicas &#8211; internacional (sele\u00e7\u00e3o)<\/p>\n<p>.<\/p>\n<p><strong>Audiovisual<\/strong><\/p>\n<ul>\n<li><strong><a href=\"http:\/\/fotoplus.com\/acesso\/?p=650\" target=\"_blank\" rel=\"noopener noreferrer\">Banco de teses sobre cinema brasileiro<\/a><br \/>\n<\/strong><\/li>\n<li><a href=\"http:\/\/www.fotoplus.com\/acesso\/?p=1167\">Filmes estrangeiros exibidos no Brasil: 1896-1934<\/a><\/li>\n<\/ul>\n<p><strong>Biologia<\/strong><\/p>\n<ul>\n<li><strong><a title=\"Lista de esp\u00e9cies da flora brasileira\" href=\"http:\/\/fotoplus.com\/acesso\/?p=149\">Lista de esp\u00e9cies da flora brasileira<\/a><\/strong> (Jardim Bot\u00e2nico do Rio de Janeiro)<\/li>\n<\/ul>\n<p><strong>Ci\u00eancias da Informa\u00e7\u00e3o<\/strong><\/p>\n<ul>\n<li><a title=\"BRAPCI\" href=\"http:\/\/fotoplus.com\/acesso\/?p=311\" target=\"_self\" rel=\"noopener noreferrer\"><strong>BRAPCI: base de dados referenciais de artigos de peri\u00f3dicos em Ci\u00eancia da Informa\u00e7\u00e3o<\/strong><\/a> (UFPR)<\/li>\n<\/ul>\n<p><strong>Fotografia<\/strong><\/p>\n<ul>\n<li><a href=\"http:\/\/fotoplus.com\/acesso\/?p=922\">BDLF: bases de dados de Livros de Fotografia<\/a> (Brasil)<\/li>\n<li><a href=\"http:\/\/www.fotoplus.com\" target=\"_blank\" rel=\"noopener noreferrer\">FotoPlus: bases de dados sobre fotografia no Brasil<\/a><\/li>\n<\/ul>\n<p><strong>Hist\u00f3ria<\/strong><\/p>\n<ul>\n<li><a href=\"http:\/\/www.fotoplus.com\/acesso\/?p=928\">Cat\u00e1logo Hist\u00f3rico de Teses e Disserta\u00e7\u00f5es da \u00c1rea de Hist\u00f3ria<\/a> (Brasil)<\/li>\n<\/ul>\n<p><strong>M\u00fasica<\/strong><\/p>\n<ul>\n<li><strong><a href=\"http:\/\/fotoplus.com\/acesso\/?p=642\">Discos do Brasil<\/a><\/strong><\/li>\n<\/ul>\n<p><strong>Popula\u00e7\u00e3o: imigra\u00e7\u00e3o<\/strong><\/p>\n<ul>\n<li><a href=\"http:\/\/www.fotoplus.com\/acesso\/?p=906\" target=\"_blank\" rel=\"noopener noreferrer\">Entrada de estrangeiros pelo Porto do Rio de Janeiro<\/a><\/li>\n<\/ul>\n<p><strong>Produ\u00e7\u00e3o acad\u00eamica<\/strong><\/p>\n<ul>\n<li><a href=\"http:\/\/www.fotoplus.com\/acesso\/?p=965\">Reposit\u00f3rios digitais acad\u00eamicos<\/a><\/li>\n<li><strong><a href=\"http:\/\/fotoplus.com\/acesso\/?p=657\">V\u00e9rsila Biblioteca Digital<\/a> <\/strong>(SP) (Brasil e internacional) (desativado)<\/li>\n<\/ul>\n<p><strong>Sociologia<\/strong><\/p>\n<ul>\n<li><strong><a title=\"Museu do \u00cdndio - FUNAI (RJ)\" href=\"http:\/\/fotoplus.com\/acesso\/?p=534\">Museu do \u00cdndio &#8211; FUNAI<\/a><\/strong><\/li>\n<\/ul>\n","protected":false},"excerpt":{"rendered":"<p>Acesso Fotoplus relaciona excepcionalmente aqui apenas bases de dados de car\u00e1ter referencial em diversas \u00e1reas, que n\u00e3o permitem acesso direto a acervos, com exce\u00e7\u00e3o de Reposit\u00f3rios digitais acad\u00eamicos. Veja tamb\u00e9m Bibliotecas acad\u00eamicas &#8211; Brasil Bilbiotecas acad\u00eamicas &#8211; internacional (sele\u00e7\u00e3o) . Audiovisual Banco de teses sobre cinema brasileiro Filmes estrangeiros exibidos no Brasil: 1896-1934 Biologia Lista &hellip; <a href=\"https:\/\/fotoplus.com\/acesso\/?page_id=146\" class=\"more-link\">Continue lendo<span class=\"screen-reader-text\"> &#8220;* Bases de dados&#8221;<\/span><\/a><\/p>\n","protected":false},"author":1,"featured_media":0,"parent":0,"menu_order":0,"comment_status":"closed","ping_status":"open","template":"","meta":{"footnotes":""},"class_list":["post-146","page","type-page","status-publish","hentry"],"_links":{"self":[{"href":"https:\/\/fotoplus.com\/acesso\/index.php?rest_route=\/wp\/v2\/pages\/146","targetHints":{"allow":["GET"]}}],"collection":[{"href":"https:\/\/fotoplus.com\/acesso\/index.php?rest_route=\/wp\/v2\/pages"}],"about":[{"href":"https:\/\/fotoplus.com\/acesso\/index.php?rest_route=\/wp\/v2\/types\/page"}],"author":[{"embeddable":true,"href":"https:\/\/fotoplus.com\/acesso\/index.php?rest_route=\/wp\/v2\/users\/1"}],"replies":[{"embeddable":true,"href":"https:\/\/fotoplus.com\/acesso\/index.php?rest_route=%2Fwp%2Fv2%2Fcomments&post=146"}],"version-history":[{"count":11,"href":"https:\/\/fotoplus.com\/acesso\/index.php?rest_route=\/wp\/v2\/pages\/146\/revisions"}],"predecessor-version":[{"id":1195,"href":"https:\/\/fotoplus.com\/acesso\/index.php?rest_route=\/wp\/v2\/pages\/146\/revisions\/1195"}],"wp:attachment":[{"href":"https:\/\/fotoplus.com\/acesso\/index.php?rest_route=%2Fwp%2Fv2%2Fmedia&parent=146"}],"curies":[{"name":"wp","href":"https:\/\/api.w.org\/{rel}","templated":true}]}}